{"id":52,"date":"2025-01-13T08:53:32","date_gmt":"2025-01-13T08:53:32","guid":{"rendered":"https:\/\/d.r3.wbsprt.com\/pensionulrika.cz\/?product=product3"},"modified":"2026-04-17T13:33:30","modified_gmt":"2026-04-17T13:33:30","slug":"product3","status":"publish","type":"product","link":"https:\/\/www.pensionulrika.cz\/?product=product3","title":{"rendered":"Kachn\u00ed stehno Sous-vide"},"content":{"rendered":"<p>kachn\u00ed stehno p\u0159ipraven\u00e9 metodou Sous-vide s karlovarsk\u00fdm a bramborov\u00fdm knedl\u00edkem (Sezonn\u00ed nab\u00eddka, nen\u00ed sou\u010d\u00e1st\u00ed st\u00e1l\u00e9ho j\u00eddeln\u00edho l\u00edstku)<\/p>\n","protected":false},"excerpt":{"rendered":"<p>kachn\u00ed stehno p\u0159ipraven\u00e9 metodou Sous-vide s karlovarsk\u00fdm a bramborov\u00fdm knedl\u00edkem (Sezonn\u00ed nab\u00eddka, nen\u00ed sou\u010d\u00e1st\u00ed st\u00e1l\u00e9ho j\u00eddeln\u00edho l\u00edstku)<\/p>\n","protected":false},"featured_media":218,"comment_status":"open","ping_status":"closed","template":"","meta":{"_regular_price":[],"currency_symbol":[],"_monsterinsights_skip_tracking":false,"_monsterinsights_sitenote_active":false,"_monsterinsights_sitenote_note":"","_monsterinsights_sitenote_category":0},"product_cat":[18],"product_tag":[],"class_list":{"0":"post-52","1":"product","2":"type-product","3":"status-publish","4":"has-post-thumbnail","6":"product_cat-uncategorized","8":"first","9":"instock","10":"shipping-taxable","11":"product-type-simple"},"post_slider_layout_featured_media_urls":{"thumbnail":["https:\/\/www.pensionulrika.cz\/wp-content\/uploads\/2025\/01\/produkt_02_600x500-150x150.jpg",150,150,true],"post_slider_layout_landscape_large":["https:\/\/www.pensionulrika.cz\/wp-content\/uploads\/2025\/01\/produkt_02_600x500.jpg",600,800,false],"post_slider_layout_portrait_large":["https:\/\/www.pensionulrika.cz\/wp-content\/uploads\/2025\/01\/produkt_02_600x500.jpg",600,800,false],"post_slider_layout_square_large":["https:\/\/www.pensionulrika.cz\/wp-content\/uploads\/2025\/01\/produkt_02_600x500.jpg",600,800,false],"post_slider_layout_landscape":["https:\/\/www.pensionulrika.cz\/wp-content\/uploads\/2025\/01\/produkt_02_600x500-600x400.jpg",600,400,true],"post_slider_layout_portrait":["https:\/\/www.pensionulrika.cz\/wp-content\/uploads\/2025\/01\/produkt_02_600x500.jpg",600,800,false],"post_slider_layout_square":["https:\/\/www.pensionulrika.cz\/wp-content\/uploads\/2025\/01\/produkt_02_600x500-600x600.jpg",600,600,true],"full":["https:\/\/www.pensionulrika.cz\/wp-content\/uploads\/2025\/01\/produkt_02_600x500.jpg",600,800,false]},"yoast_head":"<!-- This site is optimized with the Yoast SEO plugin v25.3.1 - https:\/\/yoast.com\/wordpress\/plugins\/seo\/ -->\n<title>Kachn\u00ed stehno Sous-vide - Pension Ulrika Loket<\/title>\n<meta name=\"robots\" content=\"index, follow, max-snippet:-1, max-image-preview:large, max-video-preview:-1\" \/>\n<link rel=\"canonical\" href=\"https:\/\/www.pensionulrika.cz\/?product=product3\" \/>\n<meta property=\"og:locale\" content=\"cs_CZ\" \/>\n<meta property=\"og:type\" content=\"article\" \/>\n<meta property=\"og:title\" content=\"Kachn\u00ed stehno Sous-vide - Pension Ulrika Loket\" \/>\n<meta property=\"og:description\" content=\"kachn\u00ed stehno p\u0159ipraven\u00e9 metodou Sous-vide s karlovarsk\u00fdm a bramborov\u00fdm knedl\u00edkem (Sezonn\u00ed nab\u00eddka, nen\u00ed sou\u010d\u00e1st\u00ed st\u00e1l\u00e9ho j\u00eddeln\u00edho l\u00edstku)\" \/>\n<meta property=\"og:url\" content=\"https:\/\/www.pensionulrika.cz\/?product=product3\" \/>\n<meta property=\"og:site_name\" content=\"Pension Ulrika Loket\" \/>\n<meta property=\"article:publisher\" content=\"https:\/\/www.facebook.com\/search\/top?q=pensionulrika\" \/>\n<meta property=\"article:modified_time\" content=\"2026-04-17T13:33:30+00:00\" \/>\n<meta property=\"og:image\" content=\"https:\/\/www.pensionulrika.cz\/wp-content\/uploads\/2025\/01\/produkt_02_600x500.jpg\" \/>\n\t<meta property=\"og:image:width\" content=\"600\" \/>\n\t<meta property=\"og:image:height\" content=\"800\" \/>\n\t<meta property=\"og:image:type\" content=\"image\/jpeg\" \/>\n<meta name=\"twitter:card\" content=\"summary_large_image\" \/>\n<meta name=\"twitter:label1\" content=\"Odhadovan\u00e1 doba \u010dten\u00ed\" \/>\n\t<meta name=\"twitter:data1\" content=\"1 minuta\" \/>\n<script type=\"application\/ld+json\" class=\"yoast-schema-graph\">{\"@context\":\"https:\/\/schema.org\",\"@graph\":[{\"@type\":\"WebPage\",\"@id\":\"https:\/\/www.pensionulrika.cz\/?product=product3\",\"url\":\"https:\/\/www.pensionulrika.cz\/?product=product3\",\"name\":\"Kachn\u00ed stehno Sous-vide - Pension Ulrika Loket\",\"isPartOf\":{\"@id\":\"https:\/\/www.pensionulrika.cz\/#website\"},\"primaryImageOfPage\":{\"@id\":\"https:\/\/www.pensionulrika.cz\/?product=product3#primaryimage\"},\"image\":{\"@id\":\"https:\/\/www.pensionulrika.cz\/?product=product3#primaryimage\"},\"thumbnailUrl\":\"https:\/\/www.pensionulrika.cz\/wp-content\/uploads\/2025\/01\/produkt_02_600x500.jpg\",\"datePublished\":\"2025-01-13T08:53:32+00:00\",\"dateModified\":\"2026-04-17T13:33:30+00:00\",\"breadcrumb\":{\"@id\":\"https:\/\/www.pensionulrika.cz\/?product=product3#breadcrumb\"},\"inLanguage\":\"cs\",\"potentialAction\":[{\"@type\":\"ReadAction\",\"target\":[\"https:\/\/www.pensionulrika.cz\/?product=product3\"]}]},{\"@type\":\"ImageObject\",\"inLanguage\":\"cs\",\"@id\":\"https:\/\/www.pensionulrika.cz\/?product=product3#primaryimage\",\"url\":\"https:\/\/www.pensionulrika.cz\/wp-content\/uploads\/2025\/01\/produkt_02_600x500.jpg\",\"contentUrl\":\"https:\/\/www.pensionulrika.cz\/wp-content\/uploads\/2025\/01\/produkt_02_600x500.jpg\",\"width\":600,\"height\":800},{\"@type\":\"BreadcrumbList\",\"@id\":\"https:\/\/www.pensionulrika.cz\/?product=product3#breadcrumb\",\"itemListElement\":[{\"@type\":\"ListItem\",\"position\":1,\"name\":\"Home\",\"item\":\"https:\/\/www.pensionulrika.cz\/\"},{\"@type\":\"ListItem\",\"position\":2,\"name\":\"Shop\",\"item\":\"https:\/\/www.pensionulrika.cz\/?page_id=11\"},{\"@type\":\"ListItem\",\"position\":3,\"name\":\"Kachn\u00ed stehno Sous-vide\"}]},{\"@type\":\"WebSite\",\"@id\":\"https:\/\/www.pensionulrika.cz\/#website\",\"url\":\"https:\/\/www.pensionulrika.cz\/\",\"name\":\"Pension Ulrika Loket\",\"description\":\"\",\"publisher\":{\"@id\":\"https:\/\/www.pensionulrika.cz\/#organization\"},\"potentialAction\":[{\"@type\":\"SearchAction\",\"target\":{\"@type\":\"EntryPoint\",\"urlTemplate\":\"https:\/\/www.pensionulrika.cz\/?s={search_term_string}\"},\"query-input\":{\"@type\":\"PropertyValueSpecification\",\"valueRequired\":true,\"valueName\":\"search_term_string\"}}],\"inLanguage\":\"cs\"},{\"@type\":\"Organization\",\"@id\":\"https:\/\/www.pensionulrika.cz\/#organization\",\"name\":\"Pension Ulrika Loket\",\"url\":\"https:\/\/www.pensionulrika.cz\/\",\"logo\":{\"@type\":\"ImageObject\",\"inLanguage\":\"cs\",\"@id\":\"https:\/\/www.pensionulrika.cz\/#\/schema\/logo\/image\/\",\"url\":\"https:\/\/www.pensionulrika.cz\/wp-content\/uploads\/2025\/01\/logo_240x240.png\",\"contentUrl\":\"https:\/\/www.pensionulrika.cz\/wp-content\/uploads\/2025\/01\/logo_240x240.png\",\"width\":240,\"height\":240,\"caption\":\"Pension Ulrika Loket\"},\"image\":{\"@id\":\"https:\/\/www.pensionulrika.cz\/#\/schema\/logo\/image\/\"},\"sameAs\":[\"https:\/\/www.facebook.com\/search\/top?q=pensionulrika\"]}]}<\/script>\n<!-- \/ Yoast SEO plugin. -->","yoast_head_json":{"title":"Kachn\u00ed stehno Sous-vide - Pension Ulrika Loket","robots":{"index":"index","follow":"follow","max-snippet":"max-snippet:-1","max-image-preview":"max-image-preview:large","max-video-preview":"max-video-preview:-1"},"canonical":"https:\/\/www.pensionulrika.cz\/?product=product3","og_locale":"cs_CZ","og_type":"article","og_title":"Kachn\u00ed stehno Sous-vide - Pension Ulrika Loket","og_description":"kachn\u00ed stehno p\u0159ipraven\u00e9 metodou Sous-vide s karlovarsk\u00fdm a bramborov\u00fdm knedl\u00edkem (Sezonn\u00ed nab\u00eddka, nen\u00ed sou\u010d\u00e1st\u00ed st\u00e1l\u00e9ho j\u00eddeln\u00edho l\u00edstku)","og_url":"https:\/\/www.pensionulrika.cz\/?product=product3","og_site_name":"Pension Ulrika Loket","article_publisher":"https:\/\/www.facebook.com\/search\/top?q=pensionulrika","article_modified_time":"2026-04-17T13:33:30+00:00","og_image":[{"width":600,"height":800,"url":"https:\/\/www.pensionulrika.cz\/wp-content\/uploads\/2025\/01\/produkt_02_600x500.jpg","type":"image\/jpeg"}],"twitter_card":"summary_large_image","twitter_misc":{"Odhadovan\u00e1 doba \u010dten\u00ed":"1 minuta"},"schema":{"@context":"https:\/\/schema.org","@graph":[{"@type":"WebPage","@id":"https:\/\/www.pensionulrika.cz\/?product=product3","url":"https:\/\/www.pensionulrika.cz\/?product=product3","name":"Kachn\u00ed stehno Sous-vide - Pension Ulrika Loket","isPartOf":{"@id":"https:\/\/www.pensionulrika.cz\/#website"},"primaryImageOfPage":{"@id":"https:\/\/www.pensionulrika.cz\/?product=product3#primaryimage"},"image":{"@id":"https:\/\/www.pensionulrika.cz\/?product=product3#primaryimage"},"thumbnailUrl":"https:\/\/www.pensionulrika.cz\/wp-content\/uploads\/2025\/01\/produkt_02_600x500.jpg","datePublished":"2025-01-13T08:53:32+00:00","dateModified":"2026-04-17T13:33:30+00:00","breadcrumb":{"@id":"https:\/\/www.pensionulrika.cz\/?product=product3#breadcrumb"},"inLanguage":"cs","potentialAction":[{"@type":"ReadAction","target":["https:\/\/www.pensionulrika.cz\/?product=product3"]}]},{"@type":"ImageObject","inLanguage":"cs","@id":"https:\/\/www.pensionulrika.cz\/?product=product3#primaryimage","url":"https:\/\/www.pensionulrika.cz\/wp-content\/uploads\/2025\/01\/produkt_02_600x500.jpg","contentUrl":"https:\/\/www.pensionulrika.cz\/wp-content\/uploads\/2025\/01\/produkt_02_600x500.jpg","width":600,"height":800},{"@type":"BreadcrumbList","@id":"https:\/\/www.pensionulrika.cz\/?product=product3#breadcrumb","itemListElement":[{"@type":"ListItem","position":1,"name":"Home","item":"https:\/\/www.pensionulrika.cz\/"},{"@type":"ListItem","position":2,"name":"Shop","item":"https:\/\/www.pensionulrika.cz\/?page_id=11"},{"@type":"ListItem","position":3,"name":"Kachn\u00ed stehno Sous-vide"}]},{"@type":"WebSite","@id":"https:\/\/www.pensionulrika.cz\/#website","url":"https:\/\/www.pensionulrika.cz\/","name":"Pension Ulrika Loket","description":"","publisher":{"@id":"https:\/\/www.pensionulrika.cz\/#organization"},"potentialAction":[{"@type":"SearchAction","target":{"@type":"EntryPoint","urlTemplate":"https:\/\/www.pensionulrika.cz\/?s={search_term_string}"},"query-input":{"@type":"PropertyValueSpecification","valueRequired":true,"valueName":"search_term_string"}}],"inLanguage":"cs"},{"@type":"Organization","@id":"https:\/\/www.pensionulrika.cz\/#organization","name":"Pension Ulrika Loket","url":"https:\/\/www.pensionulrika.cz\/","logo":{"@type":"ImageObject","inLanguage":"cs","@id":"https:\/\/www.pensionulrika.cz\/#\/schema\/logo\/image\/","url":"https:\/\/www.pensionulrika.cz\/wp-content\/uploads\/2025\/01\/logo_240x240.png","contentUrl":"https:\/\/www.pensionulrika.cz\/wp-content\/uploads\/2025\/01\/logo_240x240.png","width":240,"height":240,"caption":"Pension Ulrika Loket"},"image":{"@id":"https:\/\/www.pensionulrika.cz\/#\/schema\/logo\/image\/"},"sameAs":["https:\/\/www.facebook.com\/search\/top?q=pensionulrika"]}]}},"_links":{"self":[{"href":"https:\/\/www.pensionulrika.cz\/index.php?rest_route=\/wp\/v2\/product\/52","targetHints":{"allow":["GET"]}}],"collection":[{"href":"https:\/\/www.pensionulrika.cz\/index.php?rest_route=\/wp\/v2\/product"}],"about":[{"href":"https:\/\/www.pensionulrika.cz\/index.php?rest_route=\/wp\/v2\/types\/product"}],"replies":[{"embeddable":true,"href":"https:\/\/www.pensionulrika.cz\/index.php?rest_route=%2Fwp%2Fv2%2Fcomments&post=52"}],"wp:featuredmedia":[{"embeddable":true,"href":"https:\/\/www.pensionulrika.cz\/index.php?rest_route=\/wp\/v2\/media\/218"}],"wp:attachment":[{"href":"https:\/\/www.pensionulrika.cz\/index.php?rest_route=%2Fwp%2Fv2%2Fmedia&parent=52"}],"wp:term":[{"taxonomy":"product_cat","embeddable":true,"href":"https:\/\/www.pensionulrika.cz\/index.php?rest_route=%2Fwp%2Fv2%2Fproduct_cat&post=52"},{"taxonomy":"product_tag","embeddable":true,"href":"https:\/\/www.pensionulrika.cz\/index.php?rest_route=%2Fwp%2Fv2%2Fproduct_tag&post=52"}],"curies":[{"name":"wp","href":"https:\/\/api.w.org\/{rel}","templated":true}]}}