{"id":278,"date":"2025-01-18T16:48:50","date_gmt":"2025-01-18T16:48:50","guid":{"rendered":"https:\/\/d.r3.wbsprt.com\/pensionulrika.cz\/?page_id=278"},"modified":"2025-02-08T13:01:48","modified_gmt":"2025-02-08T13:01:48","slug":"pokoje-pensionu","status":"publish","type":"page","link":"https:\/\/www.pensionulrika.cz\/?page_id=278","title":{"rendered":"Pokoje Pensionu Ulrika"},"content":{"rendered":"<div style=\"height:50px\" aria-hidden=\"true\" class=\"wp-block-spacer\"><\/div><div class=\"wp-block-columns is-layout-flex wp-container-core-columns-is-layout-1 wp-block-columns-is-layout-flex\"><div class=\"wp-block-column is-layout-flow wp-block-column-is-layout-flow\"><div class=\"wp-block-media-text is-stacked-on-mobile is-vertically-aligned-top\"><figure class=\"wp-block-media-text__media\"><a href=\"https:\/\/www.pensionulrika.cz\/?rooms=rooms3\"><img loading=\"lazy\" decoding=\"async\" width=\"600\" height=\"400\" src=\"https:\/\/www.pensionulrika.cz\/wp-content\/uploads\/2025\/01\/dvojluzko_01-600x400-1.jpg\" alt=\"\" class=\"wp-image-174 size-full\" srcset=\"https:\/\/www.pensionulrika.cz\/wp-content\/uploads\/2025\/01\/dvojluzko_01-600x400-1.jpg 600w, https:\/\/www.pensionulrika.cz\/wp-content\/uploads\/2025\/01\/dvojluzko_01-600x400-1-300x200.jpg 300w\" sizes=\"auto, (max-width: 600px) 100vw, 600px\" \/><\/a><\/figure><div class=\"wp-block-media-text__content\"><p class=\"has-text-align-right has-text-color has-link-color has-medium-font-size wp-elements-763b9423bb4cb1a4e82ce2fccfc17687\" style=\"color:#f1b64a\"><strong>POKOJE TYP 1<\/strong><\/p>\n\n<div style=\"height:10px\" aria-hidden=\"true\" class=\"wp-block-spacer\"><\/div>\n\n<div class=\"wp-block-buttons is-content-justification-right is-layout-flex wp-container-core-buttons-is-layout-1 wp-block-buttons-is-layout-flex\"><div class=\"wp-block-button has-custom-width wp-block-button__width-75 has-custom-font-size has-small-font-size\"><a class=\"wp-block-button__link has-background wp-element-button\" href=\"https:\/\/www.pensionulrika.cz\/?rooms=rooms3\" style=\"border-radius:12px;background-color:#f1b64a\"><strong>DETAIL<\/strong><\/a><\/div><\/div><\/div><\/div>\n\n<div style=\"height:20px\" aria-hidden=\"true\" class=\"wp-block-spacer\"><\/div>\n\n<p class=\"has-small-font-size\">1x l\u016f\u017eko pro 2 osoby s mo\u017enost\u00ed p\u0159ikoupen\u00ed p\u0159\u00edst\u00fdlky pro 1 osobu s vlastn\u00ed koupelnou&nbsp;s v\u00fdhledem do z\u00e1meck\u00e9 ulice<\/p><\/div>\n\n<div class=\"wp-block-column is-layout-flow wp-block-column-is-layout-flow\"><div class=\"wp-block-media-text is-stacked-on-mobile is-vertically-aligned-top\"><figure class=\"wp-block-media-text__media\"><a href=\"https:\/\/www.pensionulrika.cz\/?rooms=rooms2\"><img loading=\"lazy\" decoding=\"async\" width=\"600\" height=\"400\" src=\"https:\/\/www.pensionulrika.cz\/wp-content\/uploads\/2025\/01\/r_dvouluzka_600x400.jpg\" alt=\"\" class=\"wp-image-182 size-full\" srcset=\"https:\/\/www.pensionulrika.cz\/wp-content\/uploads\/2025\/01\/r_dvouluzka_600x400.jpg 600w, https:\/\/www.pensionulrika.cz\/wp-content\/uploads\/2025\/01\/r_dvouluzka_600x400-300x200.jpg 300w\" sizes=\"auto, (max-width: 600px) 100vw, 600px\" \/><\/a><\/figure><div class=\"wp-block-media-text__content\"><p class=\"has-text-align-right has-text-color has-link-color has-medium-font-size wp-elements-0a8ca043878b070919e8d7fd6aa0c8e1\" style=\"color:#f1b64a\"><strong>POKOJE TYP 2<\/strong><\/p>\n\n<div style=\"height:10px\" aria-hidden=\"true\" class=\"wp-block-spacer\"><\/div>\n\n<div class=\"wp-block-buttons is-content-justification-right is-layout-flex wp-container-core-buttons-is-layout-2 wp-block-buttons-is-layout-flex\"><div class=\"wp-block-button has-custom-width wp-block-button__width-75 has-custom-font-size has-small-font-size\"><a class=\"wp-block-button__link has-background wp-element-button\" href=\"https:\/\/www.pensionulrika.cz\/?rooms=rooms2\" style=\"border-radius:12px;background-color:#f1b64a\"><strong>DETAIL<\/strong><\/a><\/div><\/div><\/div><\/div>\n\n<div style=\"height:20px\" aria-hidden=\"true\" class=\"wp-block-spacer\"><\/div>\n\n<p class=\"has-small-font-size\">1x l\u016f\u017eko pro 2 osoby s mo\u017enost\u00ed p\u0159ikoupen\u00ed p\u0159\u00edst\u00fdlky pro 1 osobu s vlastn\u00ed koupelnou s v\u00fdhledem na starobyl\u00e9 n\u00e1m\u011bst\u00ed.<\/p><\/div>\n\n<div class=\"wp-block-column is-layout-flow wp-block-column-is-layout-flow\"><div class=\"wp-block-media-text is-stacked-on-mobile is-vertically-aligned-top\"><figure class=\"wp-block-media-text__media\"><a href=\"https:\/\/www.pensionulrika.cz\/?rooms=rooms1\"><img loading=\"lazy\" decoding=\"async\" width=\"600\" height=\"400\" src=\"https:\/\/www.pensionulrika.cz\/wp-content\/uploads\/2025\/01\/r_dvojluzko_od_600x400.jpg\" alt=\"\" class=\"wp-image-180 size-full\" srcset=\"https:\/\/www.pensionulrika.cz\/wp-content\/uploads\/2025\/01\/r_dvojluzko_od_600x400.jpg 600w, https:\/\/www.pensionulrika.cz\/wp-content\/uploads\/2025\/01\/r_dvojluzko_od_600x400-300x200.jpg 300w\" sizes=\"auto, (max-width: 600px) 100vw, 600px\" \/><\/a><\/figure><div class=\"wp-block-media-text__content\"><p class=\"has-text-align-right has-text-color has-link-color has-medium-font-size wp-elements-eff079e85a0b40f6f37130e5e719eff5\" style=\"color:#f1b64a\"><strong>POKOJE TYP 3<\/strong><\/p>\n\n<div style=\"height:10px\" aria-hidden=\"true\" class=\"wp-block-spacer\"><\/div>\n\n<div class=\"wp-block-buttons is-content-justification-right is-layout-flex wp-container-core-buttons-is-layout-3 wp-block-buttons-is-layout-flex\"><div class=\"wp-block-button has-custom-width wp-block-button__width-75 has-custom-font-size has-small-font-size\"><a class=\"wp-block-button__link has-background wp-element-button\" href=\"https:\/\/www.pensionulrika.cz\/?rooms=rooms1\" style=\"border-radius:12px;background-color:#f1b64a\"><strong>DETAIL<\/strong><\/a><\/div><\/div><\/div><\/div>\n\n<div style=\"height:20px\" aria-hidden=\"true\" class=\"wp-block-spacer\"><\/div>\n\n<p class=\"has-small-font-size\">2x l\u016f\u017eko pro 1 osobu s vlastn\u00ed koupelnou (sprcha), st\u016fl a \u017eidle s v\u00fdhledem na starobyl\u00e9 n\u00e1m\u011bst\u00ed&nbsp;<\/p><\/div><\/div><div style=\"height:30px\" aria-hidden=\"true\" class=\"wp-block-spacer\"><\/div><div class=\"wp-block-columns has-background is-layout-flex wp-container-core-columns-is-layout-2 wp-block-columns-is-layout-flex\" style=\"background-color:#d8cbbd\"><div class=\"wp-block-column is-layout-flow wp-block-column-is-layout-flow\" style=\"flex-basis:85%\"><p class=\"has-background has-medium-font-size\" style=\"background-color:#d8cbbd\">TIP: &#8218;Rezervujte si ubytov\u00e1n\u00ed u\u017e nyn\u00ed online na na\u0161ich str\u00e1nk\u00e1ch bez zprost\u0159edkovatele a nadbyte\u010dn\u00fdch poplatk\u016f&#8216;<\/p><\/div>\n\n<div class=\"wp-block-column is-vertically-aligned-bottom is-layout-flow wp-block-column-is-layout-flow\" style=\"flex-basis:15%\"><div class=\"wp-block-buttons is-vertical is-content-justification-left is-layout-flex wp-container-core-buttons-is-layout-4 wp-block-buttons-is-layout-flex\"><div class=\"wp-block-button has-custom-width wp-block-button__width-75 has-custom-font-size has-small-font-size\"><a class=\"wp-block-button__link has-background wp-element-button\" href=\"https:\/\/www.pensionulrika.cz\/?page_id=243\" style=\"border-radius:12px;background-color:#f1b64a\"><strong>REZERVACE ONLINE<\/strong><\/a><\/div><\/div>\n\n<div style=\"height:40px\" aria-hidden=\"true\" class=\"wp-block-spacer\"><\/div><\/div><\/div><div style=\"height:50px\" aria-hidden=\"true\" class=\"wp-block-spacer\"><\/div><ul class=\"wp-block-latest-posts__list is-grid columns-5 wp-block-latest-posts\"><li><div class=\"wp-block-latest-posts__featured-image\"><img loading=\"lazy\" decoding=\"async\" width=\"150\" height=\"150\" src=\"https:\/\/www.pensionulrika.cz\/wp-content\/uploads\/2025\/06\/Obrazek-WhatsApp-2025-06-21-v-19.18.57_2bd11c98-150x150.jpg\" class=\"attachment-thumbnail size-thumbnail wp-post-image\" alt=\"\" style=\"\" srcset=\"https:\/\/www.pensionulrika.cz\/wp-content\/uploads\/2025\/06\/Obrazek-WhatsApp-2025-06-21-v-19.18.57_2bd11c98-150x150.jpg 150w, https:\/\/www.pensionulrika.cz\/wp-content\/uploads\/2025\/06\/Obrazek-WhatsApp-2025-06-21-v-19.18.57_2bd11c98-1200x1200.jpg 1200w, https:\/\/www.pensionulrika.cz\/wp-content\/uploads\/2025\/06\/Obrazek-WhatsApp-2025-06-21-v-19.18.57_2bd11c98-600x600.jpg 600w, https:\/\/www.pensionulrika.cz\/wp-content\/uploads\/2025\/06\/Obrazek-WhatsApp-2025-06-21-v-19.18.57_2bd11c98-300x300.jpg 300w, https:\/\/www.pensionulrika.cz\/wp-content\/uploads\/2025\/06\/Obrazek-WhatsApp-2025-06-21-v-19.18.57_2bd11c98-100x100.jpg 100w\" sizes=\"auto, (max-width: 150px) 100vw, 150px\" \/><\/div><a class=\"wp-block-latest-posts__post-title\" href=\"https:\/\/www.pensionulrika.cz\/?p=677\">Elektrokola &#8211; mo\u017enost zap\u016fj\u010den\u00ed<\/a><div class=\"wp-block-latest-posts__post-excerpt\">od 1.6.2025 jsme roz\u0161\u00ed\u0159ili na\u0161e slu\u017eby o mo\u017enost zap\u016fj\u010den\u00ed elektrokol a cyklistick\u00fdch p\u0159ileb pro pln\u00e9 &hellip; <p class=\"link-more\"><a href=\"https:\/\/www.pensionulrika.cz\/?p=677\" class=\"more-link\">Continue reading<span class=\"screen-reader-text\"> &#8222;Elektrokola &#8211; mo\u017enost zap\u016fj\u010den\u00ed&#8220;<\/span><\/a><\/p><\/div><\/li>\n<li><div class=\"wp-block-latest-posts__featured-image\"><img loading=\"lazy\" decoding=\"async\" width=\"150\" height=\"150\" src=\"https:\/\/www.pensionulrika.cz\/wp-content\/uploads\/2025\/01\/blog_hrad-e1737239246807-150x150.jpg\" class=\"attachment-thumbnail size-thumbnail wp-post-image\" alt=\"\" style=\"\" srcset=\"https:\/\/www.pensionulrika.cz\/wp-content\/uploads\/2025\/01\/blog_hrad-e1737239246807-150x150.jpg 150w, https:\/\/www.pensionulrika.cz\/wp-content\/uploads\/2025\/01\/blog_hrad-e1737239246807-300x300.jpg 300w, https:\/\/www.pensionulrika.cz\/wp-content\/uploads\/2025\/01\/blog_hrad-e1737239246807-100x100.jpg 100w\" sizes=\"auto, (max-width: 150px) 100vw, 150px\" \/><\/div><a class=\"wp-block-latest-posts__post-title\" href=\"https:\/\/www.pensionulrika.cz\/?p=236\">\u00daCHVATN\u00dd HRAD LOKET V GOTICK\u00c9M STYLU<\/a><div class=\"wp-block-latest-posts__post-excerpt\">Rom\u00e1nsk\u00e1 v\u011b\u017e Hrad Loket je rozhlehl\u00fd a velice dob\u0159e zachoval\u00fd. Byla by velk\u00e1 \u0161koda minout &hellip; <p class=\"link-more\"><a href=\"https:\/\/www.pensionulrika.cz\/?p=236\" class=\"more-link\">Continue reading<span class=\"screen-reader-text\"> &#8222;\u00daCHVATN\u00dd HRAD LOKET V GOTICK\u00c9M STYLU&#8220;<\/span><\/a><\/p><\/div><\/li>\n<li><div class=\"wp-block-latest-posts__featured-image\"><img loading=\"lazy\" decoding=\"async\" width=\"150\" height=\"150\" src=\"https:\/\/www.pensionulrika.cz\/wp-content\/uploads\/2025\/01\/hrad-150x150.webp\" class=\"attachment-thumbnail size-thumbnail wp-post-image\" alt=\"\" style=\"\" srcset=\"https:\/\/www.pensionulrika.cz\/wp-content\/uploads\/2025\/01\/hrad-150x150.webp 150w, https:\/\/www.pensionulrika.cz\/wp-content\/uploads\/2025\/01\/hrad-300x300.webp 300w, https:\/\/www.pensionulrika.cz\/wp-content\/uploads\/2025\/01\/hrad-100x100.webp 100w\" sizes=\"auto, (max-width: 150px) 100vw, 150px\" \/><\/div><a class=\"wp-block-latest-posts__post-title\" href=\"https:\/\/www.pensionulrika.cz\/?p=70\">PRO\u010c N\u00c1S NAV\u0160T\u00cdVIT<\/a><div class=\"wp-block-latest-posts__post-excerpt\">Kru\u0161n\u00e9 hory Vysok\u00e1 se\u010d\u00a0je ploch\u00fd vrchol v\u00a0Kru\u0161n\u00fdch hor\u00e1ch, le\u017e\u00edc\u00ed 2 km\u00a0severoz\u00e1padn\u011b\u00a0od\u00a0Vykmanova\u00a0a 8,5 km v\u00fdchodn\u011b od\u00a0Bo\u017e\u00edho &hellip; <p class=\"link-more\"><a href=\"https:\/\/www.pensionulrika.cz\/?p=70\" class=\"more-link\">Continue reading<span class=\"screen-reader-text\"> &#8222;PRO\u010c N\u00c1S NAV\u0160T\u00cdVIT&#8220;<\/span><\/a><\/p><\/div><\/li>\n<li><div class=\"wp-block-latest-posts__featured-image\"><img loading=\"lazy\" decoding=\"async\" width=\"150\" height=\"150\" src=\"https:\/\/www.pensionulrika.cz\/wp-content\/uploads\/2025\/01\/blog_namesti2-e1737240527516-150x150.jpg\" class=\"attachment-thumbnail size-thumbnail wp-post-image\" alt=\"\" style=\"\" srcset=\"https:\/\/www.pensionulrika.cz\/wp-content\/uploads\/2025\/01\/blog_namesti2-e1737240527516-150x150.jpg 150w, https:\/\/www.pensionulrika.cz\/wp-content\/uploads\/2025\/01\/blog_namesti2-e1737240527516-300x300.jpg 300w, https:\/\/www.pensionulrika.cz\/wp-content\/uploads\/2025\/01\/blog_namesti2-e1737240527516-100x100.jpg 100w\" sizes=\"auto, (max-width: 150px) 100vw, 150px\" \/><\/div><a class=\"wp-block-latest-posts__post-title\" href=\"https:\/\/www.pensionulrika.cz\/?p=68\">M\u011aSTO, ZE KTER\u00c9HO D\u00ddCH\u00c1 HISTORIE<\/a><div class=\"wp-block-latest-posts__post-excerpt\">Dovolen\u00e1 v tuzemsku St\u00e1le v\u00edce \u010cech\u016f d\u00e1v\u00e1 p\u0159ednost dovolen\u00e9 v&nbsp;tuzemsku. Poznali toti\u017e, \u017ee je tu &hellip; <p class=\"link-more\"><a href=\"https:\/\/www.pensionulrika.cz\/?p=68\" class=\"more-link\">Continue reading<span class=\"screen-reader-text\"> &#8222;M\u011aSTO, ZE KTER\u00c9HO D\u00ddCH\u00c1 HISTORIE&#8220;<\/span><\/a><\/p><\/div><\/li>\n<li><div class=\"wp-block-latest-posts__featured-image\"><img loading=\"lazy\" decoding=\"async\" width=\"150\" height=\"150\" src=\"https:\/\/www.pensionulrika.cz\/wp-content\/uploads\/2025\/01\/blog_hrad2-e1737240367505-150x150.jpg\" class=\"attachment-thumbnail size-thumbnail wp-post-image\" alt=\"\" style=\"\" srcset=\"https:\/\/www.pensionulrika.cz\/wp-content\/uploads\/2025\/01\/blog_hrad2-e1737240367505-150x150.jpg 150w, https:\/\/www.pensionulrika.cz\/wp-content\/uploads\/2025\/01\/blog_hrad2-e1737240367505-300x300.jpg 300w, https:\/\/www.pensionulrika.cz\/wp-content\/uploads\/2025\/01\/blog_hrad2-e1737240367505-100x100.jpg 100w\" sizes=\"auto, (max-width: 150px) 100vw, 150px\" \/><\/div><a class=\"wp-block-latest-posts__post-title\" href=\"https:\/\/www.pensionulrika.cz\/?p=66\">KR\u00c1LOVSK\u00c9 M\u011aSTO LOKET \u2013 R\u00c1J TURIST\u016e<\/a><div class=\"wp-block-latest-posts__post-excerpt\">A\u010dkoliv je b\u00fdval\u00e9 kr\u00e1lovsk\u00e9 m\u011bsto Loket po\u010dtem sv\u00fdch obyvatel nevelk\u00e9, nen\u00ed snad nikdo, kdo by &hellip; <p class=\"link-more\"><a href=\"https:\/\/www.pensionulrika.cz\/?p=66\" class=\"more-link\">Continue reading<span class=\"screen-reader-text\"> &#8222;KR\u00c1LOVSK\u00c9 M\u011aSTO LOKET \u2013 R\u00c1J TURIST\u016e&#8220;<\/span><\/a><\/p><\/div><\/li>\n<\/ul><div style=\"height:50px\" aria-hidden=\"true\" class=\"wp-block-spacer\"><\/div>","protected":false},"excerpt":{"rendered":"<p>POKOJE TYP 1 1x l\u016f\u017eko pro 2 osoby s mo\u017enost\u00ed p\u0159ikoupen\u00ed p\u0159\u00edst\u00fdlky pro 1 osobu s vlastn\u00ed koupelnou&nbsp;s v\u00fdhledem do z\u00e1meck\u00e9 ulice POKOJE TYP 2 1x l\u016f\u017eko pro 2 osoby s mo\u017enost\u00ed p\u0159ikoupen\u00ed p\u0159\u00edst\u00fdlky pro 1 osobu s vlastn\u00ed koupelnou s v\u00fdhledem na starobyl\u00e9 n\u00e1m\u011bst\u00ed. POKOJE TYP 3 2x l\u016f\u017eko pro 1 osobu s vlastn\u00ed &hellip; <\/p>\n<p class=\"link-more\"><a href=\"https:\/\/www.pensionulrika.cz\/?page_id=278\" class=\"more-link\">Continue reading<span class=\"screen-reader-text\"> &#8222;Pokoje Pensionu Ulrika&#8220;<\/span><\/a><\/p>\n","protected":false},"author":1,"featured_media":0,"parent":0,"menu_order":0,"comment_status":"closed","ping_status":"closed","template":"","meta":{"_regular_price":[],"currency_symbol":[],"_monsterinsights_skip_tracking":false,"_monsterinsights_sitenote_active":false,"_monsterinsights_sitenote_note":"","_monsterinsights_sitenote_category":0,"footnotes":""},"class_list":["post-278","page","type-page","status-publish","hentry"],"post_slider_layout_featured_media_urls":{"thumbnail":"","post_slider_layout_landscape_large":"","post_slider_layout_portrait_large":"","post_slider_layout_square_large":"","post_slider_layout_landscape":"","post_slider_layout_portrait":"","post_slider_layout_square":"","full":""},"yoast_head":"<!-- This site is optimized with the Yoast SEO plugin v25.3.1 - https:\/\/yoast.com\/wordpress\/plugins\/seo\/ -->\n<title>Pokoje Pensionu Ulrika - Pension Ulrika Loket<\/title>\n<meta name=\"robots\" content=\"index, follow, max-snippet:-1, max-image-preview:large, max-video-preview:-1\" \/>\n<link rel=\"canonical\" href=\"https:\/\/www.pensionulrika.cz\/?page_id=278\" \/>\n<meta property=\"og:locale\" content=\"cs_CZ\" \/>\n<meta property=\"og:type\" content=\"article\" \/>\n<meta property=\"og:title\" content=\"Pokoje Pensionu Ulrika - Pension Ulrika Loket\" \/>\n<meta property=\"og:description\" content=\"POKOJE TYP 1 1x l\u016f\u017eko pro 2 osoby s mo\u017enost\u00ed p\u0159ikoupen\u00ed p\u0159\u00edst\u00fdlky pro 1 osobu s vlastn\u00ed koupelnou&nbsp;s v\u00fdhledem do z\u00e1meck\u00e9 ulice POKOJE TYP 2 1x l\u016f\u017eko pro 2 osoby s mo\u017enost\u00ed p\u0159ikoupen\u00ed p\u0159\u00edst\u00fdlky pro 1 osobu s vlastn\u00ed koupelnou s v\u00fdhledem na starobyl\u00e9 n\u00e1m\u011bst\u00ed. POKOJE TYP 3 2x l\u016f\u017eko pro 1 osobu s vlastn\u00ed &hellip; Continue reading &quot;Pokoje Pensionu Ulrika&quot;\" \/>\n<meta property=\"og:url\" content=\"https:\/\/www.pensionulrika.cz\/?page_id=278\" \/>\n<meta property=\"og:site_name\" content=\"Pension Ulrika Loket\" \/>\n<meta property=\"article:publisher\" content=\"https:\/\/www.facebook.com\/search\/top?q=pensionulrika\" \/>\n<meta property=\"article:modified_time\" content=\"2025-02-08T13:01:48+00:00\" \/>\n<meta property=\"og:image\" content=\"https:\/\/www.pensionulrika.cz\/wp-content\/uploads\/2025\/01\/dvojluzko_01-600x400-1.jpg\" \/>\n<meta name=\"twitter:card\" content=\"summary_large_image\" \/>\n<meta name=\"twitter:label1\" content=\"Odhadovan\u00e1 doba \u010dten\u00ed\" \/>\n\t<meta name=\"twitter:data1\" content=\"2 minuty\" \/>\n<script type=\"application\/ld+json\" class=\"yoast-schema-graph\">{\"@context\":\"https:\/\/schema.org\",\"@graph\":[{\"@type\":\"WebPage\",\"@id\":\"https:\/\/www.pensionulrika.cz\/?page_id=278\",\"url\":\"https:\/\/www.pensionulrika.cz\/?page_id=278\",\"name\":\"Pokoje Pensionu Ulrika - Pension Ulrika Loket\",\"isPartOf\":{\"@id\":\"https:\/\/www.pensionulrika.cz\/#website\"},\"primaryImageOfPage\":{\"@id\":\"https:\/\/www.pensionulrika.cz\/?page_id=278#primaryimage\"},\"image\":{\"@id\":\"https:\/\/www.pensionulrika.cz\/?page_id=278#primaryimage\"},\"thumbnailUrl\":\"https:\/\/www.pensionulrika.cz\/wp-content\/uploads\/2025\/01\/dvojluzko_01-600x400-1.jpg\",\"datePublished\":\"2025-01-18T16:48:50+00:00\",\"dateModified\":\"2025-02-08T13:01:48+00:00\",\"breadcrumb\":{\"@id\":\"https:\/\/www.pensionulrika.cz\/?page_id=278#breadcrumb\"},\"inLanguage\":\"cs\",\"potentialAction\":[{\"@type\":\"ReadAction\",\"target\":[\"https:\/\/www.pensionulrika.cz\/?page_id=278\"]}]},{\"@type\":\"ImageObject\",\"inLanguage\":\"cs\",\"@id\":\"https:\/\/www.pensionulrika.cz\/?page_id=278#primaryimage\",\"url\":\"https:\/\/www.pensionulrika.cz\/wp-content\/uploads\/2025\/01\/dvojluzko_01-600x400-1.jpg\",\"contentUrl\":\"https:\/\/www.pensionulrika.cz\/wp-content\/uploads\/2025\/01\/dvojluzko_01-600x400-1.jpg\",\"width\":600,\"height\":400},{\"@type\":\"BreadcrumbList\",\"@id\":\"https:\/\/www.pensionulrika.cz\/?page_id=278#breadcrumb\",\"itemListElement\":[{\"@type\":\"ListItem\",\"position\":1,\"name\":\"Home\",\"item\":\"https:\/\/www.pensionulrika.cz\/\"},{\"@type\":\"ListItem\",\"position\":2,\"name\":\"Pokoje Pensionu Ulrika\"}]},{\"@type\":\"WebSite\",\"@id\":\"https:\/\/www.pensionulrika.cz\/#website\",\"url\":\"https:\/\/www.pensionulrika.cz\/\",\"name\":\"Pension Ulrika Loket\",\"description\":\"\",\"publisher\":{\"@id\":\"https:\/\/www.pensionulrika.cz\/#organization\"},\"potentialAction\":[{\"@type\":\"SearchAction\",\"target\":{\"@type\":\"EntryPoint\",\"urlTemplate\":\"https:\/\/www.pensionulrika.cz\/?s={search_term_string}\"},\"query-input\":{\"@type\":\"PropertyValueSpecification\",\"valueRequired\":true,\"valueName\":\"search_term_string\"}}],\"inLanguage\":\"cs\"},{\"@type\":\"Organization\",\"@id\":\"https:\/\/www.pensionulrika.cz\/#organization\",\"name\":\"Pension Ulrika Loket\",\"url\":\"https:\/\/www.pensionulrika.cz\/\",\"logo\":{\"@type\":\"ImageObject\",\"inLanguage\":\"cs\",\"@id\":\"https:\/\/www.pensionulrika.cz\/#\/schema\/logo\/image\/\",\"url\":\"https:\/\/www.pensionulrika.cz\/wp-content\/uploads\/2025\/01\/logo_240x240.png\",\"contentUrl\":\"https:\/\/www.pensionulrika.cz\/wp-content\/uploads\/2025\/01\/logo_240x240.png\",\"width\":240,\"height\":240,\"caption\":\"Pension Ulrika Loket\"},\"image\":{\"@id\":\"https:\/\/www.pensionulrika.cz\/#\/schema\/logo\/image\/\"},\"sameAs\":[\"https:\/\/www.facebook.com\/search\/top?q=pensionulrika\"]}]}<\/script>\n<!-- \/ Yoast SEO plugin. -->","yoast_head_json":{"title":"Pokoje Pensionu Ulrika - Pension Ulrika Loket","robots":{"index":"index","follow":"follow","max-snippet":"max-snippet:-1","max-image-preview":"max-image-preview:large","max-video-preview":"max-video-preview:-1"},"canonical":"https:\/\/www.pensionulrika.cz\/?page_id=278","og_locale":"cs_CZ","og_type":"article","og_title":"Pokoje Pensionu Ulrika - Pension Ulrika Loket","og_description":"POKOJE TYP 1 1x l\u016f\u017eko pro 2 osoby s mo\u017enost\u00ed p\u0159ikoupen\u00ed p\u0159\u00edst\u00fdlky pro 1 osobu s vlastn\u00ed koupelnou&nbsp;s v\u00fdhledem do z\u00e1meck\u00e9 ulice POKOJE TYP 2 1x l\u016f\u017eko pro 2 osoby s mo\u017enost\u00ed p\u0159ikoupen\u00ed p\u0159\u00edst\u00fdlky pro 1 osobu s vlastn\u00ed koupelnou s v\u00fdhledem na starobyl\u00e9 n\u00e1m\u011bst\u00ed. POKOJE TYP 3 2x l\u016f\u017eko pro 1 osobu s vlastn\u00ed &hellip; Continue reading \"Pokoje Pensionu Ulrika\"","og_url":"https:\/\/www.pensionulrika.cz\/?page_id=278","og_site_name":"Pension Ulrika Loket","article_publisher":"https:\/\/www.facebook.com\/search\/top?q=pensionulrika","article_modified_time":"2025-02-08T13:01:48+00:00","og_image":[{"url":"https:\/\/www.pensionulrika.cz\/wp-content\/uploads\/2025\/01\/dvojluzko_01-600x400-1.jpg","type":"","width":"","height":""}],"twitter_card":"summary_large_image","twitter_misc":{"Odhadovan\u00e1 doba \u010dten\u00ed":"2 minuty"},"schema":{"@context":"https:\/\/schema.org","@graph":[{"@type":"WebPage","@id":"https:\/\/www.pensionulrika.cz\/?page_id=278","url":"https:\/\/www.pensionulrika.cz\/?page_id=278","name":"Pokoje Pensionu Ulrika - Pension Ulrika Loket","isPartOf":{"@id":"https:\/\/www.pensionulrika.cz\/#website"},"primaryImageOfPage":{"@id":"https:\/\/www.pensionulrika.cz\/?page_id=278#primaryimage"},"image":{"@id":"https:\/\/www.pensionulrika.cz\/?page_id=278#primaryimage"},"thumbnailUrl":"https:\/\/www.pensionulrika.cz\/wp-content\/uploads\/2025\/01\/dvojluzko_01-600x400-1.jpg","datePublished":"2025-01-18T16:48:50+00:00","dateModified":"2025-02-08T13:01:48+00:00","breadcrumb":{"@id":"https:\/\/www.pensionulrika.cz\/?page_id=278#breadcrumb"},"inLanguage":"cs","potentialAction":[{"@type":"ReadAction","target":["https:\/\/www.pensionulrika.cz\/?page_id=278"]}]},{"@type":"ImageObject","inLanguage":"cs","@id":"https:\/\/www.pensionulrika.cz\/?page_id=278#primaryimage","url":"https:\/\/www.pensionulrika.cz\/wp-content\/uploads\/2025\/01\/dvojluzko_01-600x400-1.jpg","contentUrl":"https:\/\/www.pensionulrika.cz\/wp-content\/uploads\/2025\/01\/dvojluzko_01-600x400-1.jpg","width":600,"height":400},{"@type":"BreadcrumbList","@id":"https:\/\/www.pensionulrika.cz\/?page_id=278#breadcrumb","itemListElement":[{"@type":"ListItem","position":1,"name":"Home","item":"https:\/\/www.pensionulrika.cz\/"},{"@type":"ListItem","position":2,"name":"Pokoje Pensionu Ulrika"}]},{"@type":"WebSite","@id":"https:\/\/www.pensionulrika.cz\/#website","url":"https:\/\/www.pensionulrika.cz\/","name":"Pension Ulrika Loket","description":"","publisher":{"@id":"https:\/\/www.pensionulrika.cz\/#organization"},"potentialAction":[{"@type":"SearchAction","target":{"@type":"EntryPoint","urlTemplate":"https:\/\/www.pensionulrika.cz\/?s={search_term_string}"},"query-input":{"@type":"PropertyValueSpecification","valueRequired":true,"valueName":"search_term_string"}}],"inLanguage":"cs"},{"@type":"Organization","@id":"https:\/\/www.pensionulrika.cz\/#organization","name":"Pension Ulrika Loket","url":"https:\/\/www.pensionulrika.cz\/","logo":{"@type":"ImageObject","inLanguage":"cs","@id":"https:\/\/www.pensionulrika.cz\/#\/schema\/logo\/image\/","url":"https:\/\/www.pensionulrika.cz\/wp-content\/uploads\/2025\/01\/logo_240x240.png","contentUrl":"https:\/\/www.pensionulrika.cz\/wp-content\/uploads\/2025\/01\/logo_240x240.png","width":240,"height":240,"caption":"Pension Ulrika Loket"},"image":{"@id":"https:\/\/www.pensionulrika.cz\/#\/schema\/logo\/image\/"},"sameAs":["https:\/\/www.facebook.com\/search\/top?q=pensionulrika"]}]}},"_links":{"self":[{"href":"https:\/\/www.pensionulrika.cz\/index.php?rest_route=\/wp\/v2\/pages\/278","targetHints":{"allow":["GET"]}}],"collection":[{"href":"https:\/\/www.pensionulrika.cz\/index.php?rest_route=\/wp\/v2\/pages"}],"about":[{"href":"https:\/\/www.pensionulrika.cz\/index.php?rest_route=\/wp\/v2\/types\/page"}],"author":[{"embeddable":true,"href":"https:\/\/www.pensionulrika.cz\/index.php?rest_route=\/wp\/v2\/users\/1"}],"replies":[{"embeddable":true,"href":"https:\/\/www.pensionulrika.cz\/index.php?rest_route=%2Fwp%2Fv2%2Fcomments&post=278"}],"version-history":[{"count":5,"href":"https:\/\/www.pensionulrika.cz\/index.php?rest_route=\/wp\/v2\/pages\/278\/revisions"}],"predecessor-version":[{"id":544,"href":"https:\/\/www.pensionulrika.cz\/index.php?rest_route=\/wp\/v2\/pages\/278\/revisions\/544"}],"wp:attachment":[{"href":"https:\/\/www.pensionulrika.cz\/index.php?rest_route=%2Fwp%2Fv2%2Fmedia&parent=278"}],"curies":[{"name":"wp","href":"https:\/\/api.w.org\/{rel}","templated":true}]}}