{"id":250,"date":"2025-01-18T15:17:32","date_gmt":"2025-01-18T15:17:32","guid":{"rendered":"https:\/\/d.r3.wbsprt.com\/pensionulrika.cz\/?page_id=250"},"modified":"2025-01-22T12:35:48","modified_gmt":"2025-01-22T12:35:48","slug":"kontakt","status":"publish","type":"page","link":"https:\/\/www.pensionulrika.cz\/?page_id=250","title":{"rendered":"Kontakt"},"content":{"rendered":"<div style=\"height:50px\" aria-hidden=\"true\" class=\"wp-block-spacer\"><\/div><div class=\"wp-block-columns is-layout-flex wp-container-core-columns-is-layout-1 wp-block-columns-is-layout-flex\"><div class=\"wp-block-column is-layout-flow wp-block-column-is-layout-flow\"><h3 class=\"wp-block-heading has-medium-font-size\">ADRESA<\/h3>\n\n<p class=\"has-medium-font-size\"><strong><mark style=\"background-color:rgba(0, 0, 0, 0);color:#000000\" class=\"has-inline-color\">Pension Ulrika a Ristorante Pizzerie Marconi<\/mark><\/strong><br>Z\u00e1meck\u00e1 19\/1<br>357 33 Loket GPS 50.186372, 12.753956<\/p>\n\n<div style=\"height:21px\" aria-hidden=\"true\" class=\"wp-block-spacer\"><\/div>\n\n<h3 class=\"wp-block-heading has-medium-font-size\">KONTAKT<\/h3>\n\n<p class=\"has-medium-font-size\">\ud83d\udcde telefon: +420 602 127 543 <br>\ud83d\udce9 email: info@pensionulrika.cz<\/p><\/p>\n\n<div style=\"height:30px\" aria-hidden=\"true\" class=\"wp-block-spacer\"><\/div>\n\n<figure class=\"wp-block-gallery has-nested-images columns-default is-cropped wp-block-gallery-1 is-layout-flex wp-block-gallery-is-layout-flex\"><figure class=\"wp-block-image size-large\"><img loading=\"lazy\" decoding=\"async\" width=\"1024\" height=\"586\" src=\"https:\/\/pensionulrika.cz\/wp-content\/uploads\/2025\/01\/k_ulrika01-1024x586.jpg\" alt=\"\" class=\"wp-image-262\"\/><\/figure>\n\n<figure class=\"wp-block-image size-large\"><img loading=\"lazy\" decoding=\"async\" width=\"600\" height=\"350\" src=\"https:\/\/pensionulrika.cz\/wp-content\/uploads\/2025\/01\/k_ulrika03-e1737215952617.jpg\" alt=\"\" class=\"wp-image-261\" srcset=\"https:\/\/www.pensionulrika.cz\/wp-content\/uploads\/2025\/01\/k_ulrika03-e1737215952617.jpg 600w, https:\/\/www.pensionulrika.cz\/wp-content\/uploads\/2025\/01\/k_ulrika03-e1737215952617-300x175.jpg 300w\" sizes=\"auto, (max-width: 600px) 100vw, 600px\" \/><\/figure>\n\n<figure class=\"wp-block-image size-large\"><img loading=\"lazy\" decoding=\"async\" width=\"600\" height=\"400\" src=\"https:\/\/pensionulrika.cz\/wp-content\/uploads\/2025\/01\/k_ulrika04-e1737215979772.jpg\" alt=\"\" class=\"wp-image-260\" srcset=\"https:\/\/www.pensionulrika.cz\/wp-content\/uploads\/2025\/01\/k_ulrika04-e1737215979772.jpg 600w, https:\/\/www.pensionulrika.cz\/wp-content\/uploads\/2025\/01\/k_ulrika04-e1737215979772-300x200.jpg 300w\" sizes=\"auto, (max-width: 600px) 100vw, 600px\" \/><\/figure><\/figure><\/div>\n\n<div class=\"wp-block-column is-layout-flow wp-block-column-is-layout-flow\"><iframe src=\"https:\/\/www.google.com\/maps\/embed?pb=!1m18!1m12!1m3!1d2554.657606705826!2d12.751402376206356!3d50.186237806352985!2m3!1f0!2f0!3f0!3m2!1i1024!2i768!4f13.1!3m3!1m2!1s0x47a090886b2960a9%3A0xe745f519cf8c9684!2sPension%20Ulrika%20-%20ubytov%C3%A1n%C3%AD%20v%20Lokti!5e0!3m2!1scs!2scz!4v1737213570702!5m2!1scs!2scz\" width=\"600\" height=\"450\" style=\"border:0;\" allowfullscreen=\"\" loading=\"lazy\" referrerpolicy=\"no-referrer-when-downgrade\"><\/iframe><\/div><\/div><div style=\"height:50px\" aria-hidden=\"true\" class=\"wp-block-spacer\"><\/div><p><\/p>","protected":false},"excerpt":{"rendered":"<p>ADRESA Pension Ulrika a Ristorante Pizzerie MarconiZ\u00e1meck\u00e1 19\/1357 33 Loket GPS 50.186372, 12.753956 KONTAKT \ud83d\udcde telefon: +420 602 127 543 \ud83d\udce9 email: info@pensionulrika.cz<\/p>\n","protected":false},"author":1,"featured_media":0,"parent":0,"menu_order":0,"comment_status":"closed","ping_status":"closed","template":"","meta":{"_regular_price":[],"currency_symbol":[],"_monsterinsights_skip_tracking":false,"_monsterinsights_sitenote_active":false,"_monsterinsights_sitenote_note":"","_monsterinsights_sitenote_category":0,"footnotes":""},"class_list":["post-250","page","type-page","status-publish","hentry"],"post_slider_layout_featured_media_urls":{"thumbnail":"","post_slider_layout_landscape_large":"","post_slider_layout_portrait_large":"","post_slider_layout_square_large":"","post_slider_layout_landscape":"","post_slider_layout_portrait":"","post_slider_layout_square":"","full":""},"yoast_head":"<!-- This site is optimized with the Yoast SEO plugin v25.3.1 - https:\/\/yoast.com\/wordpress\/plugins\/seo\/ -->\n<title>Kontakt - Pension Ulrika Loket<\/title>\n<meta name=\"robots\" content=\"index, follow, max-snippet:-1, max-image-preview:large, max-video-preview:-1\" \/>\n<link rel=\"canonical\" href=\"https:\/\/www.pensionulrika.cz\/?page_id=250\" \/>\n<meta property=\"og:locale\" content=\"cs_CZ\" \/>\n<meta property=\"og:type\" content=\"article\" \/>\n<meta property=\"og:title\" content=\"Kontakt - Pension Ulrika Loket\" \/>\n<meta property=\"og:description\" content=\"ADRESA Pension Ulrika a Ristorante Pizzerie MarconiZ\u00e1meck\u00e1 19\/1357 33 Loket GPS 50.186372, 12.753956 KONTAKT \ud83d\udcde telefon: +420 602 127 543 \ud83d\udce9 email: info@pensionulrika.cz\" \/>\n<meta property=\"og:url\" content=\"https:\/\/www.pensionulrika.cz\/?page_id=250\" \/>\n<meta property=\"og:site_name\" content=\"Pension Ulrika Loket\" \/>\n<meta property=\"article:publisher\" content=\"https:\/\/www.facebook.com\/search\/top?q=pensionulrika\" \/>\n<meta property=\"article:modified_time\" content=\"2025-01-22T12:35:48+00:00\" \/>\n<meta property=\"og:image\" content=\"https:\/\/pensionulrika.cz\/wp-content\/uploads\/2025\/01\/k_ulrika01-1024x586.jpg\" \/>\n<meta name=\"twitter:card\" content=\"summary_large_image\" \/>\n<meta name=\"twitter:label1\" content=\"Odhadovan\u00e1 doba \u010dten\u00ed\" \/>\n\t<meta name=\"twitter:data1\" content=\"1 minuta\" \/>\n<script type=\"application\/ld+json\" class=\"yoast-schema-graph\">{\"@context\":\"https:\/\/schema.org\",\"@graph\":[{\"@type\":\"WebPage\",\"@id\":\"https:\/\/www.pensionulrika.cz\/?page_id=250\",\"url\":\"https:\/\/www.pensionulrika.cz\/?page_id=250\",\"name\":\"Kontakt - Pension Ulrika Loket\",\"isPartOf\":{\"@id\":\"https:\/\/www.pensionulrika.cz\/#website\"},\"primaryImageOfPage\":{\"@id\":\"https:\/\/www.pensionulrika.cz\/?page_id=250#primaryimage\"},\"image\":{\"@id\":\"https:\/\/www.pensionulrika.cz\/?page_id=250#primaryimage\"},\"thumbnailUrl\":\"https:\/\/pensionulrika.cz\/wp-content\/uploads\/2025\/01\/k_ulrika01-1024x586.jpg\",\"datePublished\":\"2025-01-18T15:17:32+00:00\",\"dateModified\":\"2025-01-22T12:35:48+00:00\",\"breadcrumb\":{\"@id\":\"https:\/\/www.pensionulrika.cz\/?page_id=250#breadcrumb\"},\"inLanguage\":\"cs\",\"potentialAction\":[{\"@type\":\"ReadAction\",\"target\":[\"https:\/\/www.pensionulrika.cz\/?page_id=250\"]}]},{\"@type\":\"ImageObject\",\"inLanguage\":\"cs\",\"@id\":\"https:\/\/www.pensionulrika.cz\/?page_id=250#primaryimage\",\"url\":\"https:\/\/pensionulrika.cz\/wp-content\/uploads\/2025\/01\/k_ulrika01-1024x586.jpg\",\"contentUrl\":\"https:\/\/pensionulrika.cz\/wp-content\/uploads\/2025\/01\/k_ulrika01-1024x586.jpg\"},{\"@type\":\"BreadcrumbList\",\"@id\":\"https:\/\/www.pensionulrika.cz\/?page_id=250#breadcrumb\",\"itemListElement\":[{\"@type\":\"ListItem\",\"position\":1,\"name\":\"Home\",\"item\":\"https:\/\/www.pensionulrika.cz\/\"},{\"@type\":\"ListItem\",\"position\":2,\"name\":\"Kontakt\"}]},{\"@type\":\"WebSite\",\"@id\":\"https:\/\/www.pensionulrika.cz\/#website\",\"url\":\"https:\/\/www.pensionulrika.cz\/\",\"name\":\"Pension Ulrika Loket\",\"description\":\"\",\"publisher\":{\"@id\":\"https:\/\/www.pensionulrika.cz\/#organization\"},\"potentialAction\":[{\"@type\":\"SearchAction\",\"target\":{\"@type\":\"EntryPoint\",\"urlTemplate\":\"https:\/\/www.pensionulrika.cz\/?s={search_term_string}\"},\"query-input\":{\"@type\":\"PropertyValueSpecification\",\"valueRequired\":true,\"valueName\":\"search_term_string\"}}],\"inLanguage\":\"cs\"},{\"@type\":\"Organization\",\"@id\":\"https:\/\/www.pensionulrika.cz\/#organization\",\"name\":\"Pension Ulrika Loket\",\"url\":\"https:\/\/www.pensionulrika.cz\/\",\"logo\":{\"@type\":\"ImageObject\",\"inLanguage\":\"cs\",\"@id\":\"https:\/\/www.pensionulrika.cz\/#\/schema\/logo\/image\/\",\"url\":\"https:\/\/www.pensionulrika.cz\/wp-content\/uploads\/2025\/01\/logo_240x240.png\",\"contentUrl\":\"https:\/\/www.pensionulrika.cz\/wp-content\/uploads\/2025\/01\/logo_240x240.png\",\"width\":240,\"height\":240,\"caption\":\"Pension Ulrika Loket\"},\"image\":{\"@id\":\"https:\/\/www.pensionulrika.cz\/#\/schema\/logo\/image\/\"},\"sameAs\":[\"https:\/\/www.facebook.com\/search\/top?q=pensionulrika\"]}]}<\/script>\n<!-- \/ Yoast SEO plugin. -->","yoast_head_json":{"title":"Kontakt - Pension Ulrika Loket","robots":{"index":"index","follow":"follow","max-snippet":"max-snippet:-1","max-image-preview":"max-image-preview:large","max-video-preview":"max-video-preview:-1"},"canonical":"https:\/\/www.pensionulrika.cz\/?page_id=250","og_locale":"cs_CZ","og_type":"article","og_title":"Kontakt - Pension Ulrika Loket","og_description":"ADRESA Pension Ulrika a Ristorante Pizzerie MarconiZ\u00e1meck\u00e1 19\/1357 33 Loket GPS 50.186372, 12.753956 KONTAKT \ud83d\udcde telefon: +420 602 127 543 \ud83d\udce9 email: info@pensionulrika.cz","og_url":"https:\/\/www.pensionulrika.cz\/?page_id=250","og_site_name":"Pension Ulrika Loket","article_publisher":"https:\/\/www.facebook.com\/search\/top?q=pensionulrika","article_modified_time":"2025-01-22T12:35:48+00:00","og_image":[{"url":"https:\/\/pensionulrika.cz\/wp-content\/uploads\/2025\/01\/k_ulrika01-1024x586.jpg","type":"","width":"","height":""}],"twitter_card":"summary_large_image","twitter_misc":{"Odhadovan\u00e1 doba \u010dten\u00ed":"1 minuta"},"schema":{"@context":"https:\/\/schema.org","@graph":[{"@type":"WebPage","@id":"https:\/\/www.pensionulrika.cz\/?page_id=250","url":"https:\/\/www.pensionulrika.cz\/?page_id=250","name":"Kontakt - Pension Ulrika Loket","isPartOf":{"@id":"https:\/\/www.pensionulrika.cz\/#website"},"primaryImageOfPage":{"@id":"https:\/\/www.pensionulrika.cz\/?page_id=250#primaryimage"},"image":{"@id":"https:\/\/www.pensionulrika.cz\/?page_id=250#primaryimage"},"thumbnailUrl":"https:\/\/pensionulrika.cz\/wp-content\/uploads\/2025\/01\/k_ulrika01-1024x586.jpg","datePublished":"2025-01-18T15:17:32+00:00","dateModified":"2025-01-22T12:35:48+00:00","breadcrumb":{"@id":"https:\/\/www.pensionulrika.cz\/?page_id=250#breadcrumb"},"inLanguage":"cs","potentialAction":[{"@type":"ReadAction","target":["https:\/\/www.pensionulrika.cz\/?page_id=250"]}]},{"@type":"ImageObject","inLanguage":"cs","@id":"https:\/\/www.pensionulrika.cz\/?page_id=250#primaryimage","url":"https:\/\/pensionulrika.cz\/wp-content\/uploads\/2025\/01\/k_ulrika01-1024x586.jpg","contentUrl":"https:\/\/pensionulrika.cz\/wp-content\/uploads\/2025\/01\/k_ulrika01-1024x586.jpg"},{"@type":"BreadcrumbList","@id":"https:\/\/www.pensionulrika.cz\/?page_id=250#breadcrumb","itemListElement":[{"@type":"ListItem","position":1,"name":"Home","item":"https:\/\/www.pensionulrika.cz\/"},{"@type":"ListItem","position":2,"name":"Kontakt"}]},{"@type":"WebSite","@id":"https:\/\/www.pensionulrika.cz\/#website","url":"https:\/\/www.pensionulrika.cz\/","name":"Pension Ulrika Loket","description":"","publisher":{"@id":"https:\/\/www.pensionulrika.cz\/#organization"},"potentialAction":[{"@type":"SearchAction","target":{"@type":"EntryPoint","urlTemplate":"https:\/\/www.pensionulrika.cz\/?s={search_term_string}"},"query-input":{"@type":"PropertyValueSpecification","valueRequired":true,"valueName":"search_term_string"}}],"inLanguage":"cs"},{"@type":"Organization","@id":"https:\/\/www.pensionulrika.cz\/#organization","name":"Pension Ulrika Loket","url":"https:\/\/www.pensionulrika.cz\/","logo":{"@type":"ImageObject","inLanguage":"cs","@id":"https:\/\/www.pensionulrika.cz\/#\/schema\/logo\/image\/","url":"https:\/\/www.pensionulrika.cz\/wp-content\/uploads\/2025\/01\/logo_240x240.png","contentUrl":"https:\/\/www.pensionulrika.cz\/wp-content\/uploads\/2025\/01\/logo_240x240.png","width":240,"height":240,"caption":"Pension Ulrika Loket"},"image":{"@id":"https:\/\/www.pensionulrika.cz\/#\/schema\/logo\/image\/"},"sameAs":["https:\/\/www.facebook.com\/search\/top?q=pensionulrika"]}]}},"_links":{"self":[{"href":"https:\/\/www.pensionulrika.cz\/index.php?rest_route=\/wp\/v2\/pages\/250","targetHints":{"allow":["GET"]}}],"collection":[{"href":"https:\/\/www.pensionulrika.cz\/index.php?rest_route=\/wp\/v2\/pages"}],"about":[{"href":"https:\/\/www.pensionulrika.cz\/index.php?rest_route=\/wp\/v2\/types\/page"}],"author":[{"embeddable":true,"href":"https:\/\/www.pensionulrika.cz\/index.php?rest_route=\/wp\/v2\/users\/1"}],"replies":[{"embeddable":true,"href":"https:\/\/www.pensionulrika.cz\/index.php?rest_route=%2Fwp%2Fv2%2Fcomments&post=250"}],"version-history":[{"count":5,"href":"https:\/\/www.pensionulrika.cz\/index.php?rest_route=\/wp\/v2\/pages\/250\/revisions"}],"predecessor-version":[{"id":494,"href":"https:\/\/www.pensionulrika.cz\/index.php?rest_route=\/wp\/v2\/pages\/250\/revisions\/494"}],"wp:attachment":[{"href":"https:\/\/www.pensionulrika.cz\/index.php?rest_route=%2Fwp%2Fv2%2Fmedia&parent=250"}],"curies":[{"name":"wp","href":"https:\/\/api.w.org\/{rel}","templated":true}]}}